{"id":144,"date":"2021-05-06T13:21:12","date_gmt":"2021-05-06T13:21:12","guid":{"rendered":"https:\/\/accessibility.com.pl\/?page_id=144"},"modified":"2025-06-30T19:51:34","modified_gmt":"2025-06-30T19:51:34","slug":"offer","status":"publish","type":"page","link":"https:\/\/accessibility.com.pl\/pl\/offer\/","title":{"rendered":"oferta"},"content":{"rendered":"<h1>\n\t\tnasza oferta\n\t<\/h1>\n\tW accessibility.com.pl rozumiemy, \u017ce odpowiednie przygotowanie i przemy\u015blany projekt jest gwarancj\u0105 sukcesu Twoich przedsi\u0119wzi\u0119\u0107.<br \/>\nThat&#8217;s why we offer cooperation at every stage of the project, with special attention paid to adjusting it to the needs of people with disabilities.\nYou can count on the support from the team of professionals with various specializations and focused on achieving the goal you have entrusted to us.<br \/>\nSpecjalizujemy si\u0119 w tworzeniu i utrzymaniu rozwi\u0105za\u0144 cyfrowych, ale jeste\u015bmy r\u00f3wnie\u017c otwarci na potrzeby Twoich obiekt\u00f3w stacjonarnych.\n\t<h3>wideo do e-learningu<\/h3>\t\t\n\t\t\t<p>stworzymy dla Ciebie filmy e-learningowe, kt\u00f3re pozwol\u0105 Ci dzieli\u0107 si\u0119 unikaln\u0105 wiedz\u0105 i do\u015bwiadczeniem, zwi\u0119kszy\u0107 zasi\u0119g i pasywny doch\u00f3d.<\/p>\n\t<h3>szkolenia<\/h3>\t\t\n\t\t\t<p>zdob\u0105d\u017a z nami solidne podstawy do efektywnej pracy nad swoimi projektami i obowi\u0105zkami, tak\u017ce na rzecz os\u00f3b zagro\u017conych wykluczeniem<\/p>\n\t<h3>security<\/h3>\t\t\n\t\t\t<p>chro\u0144 swoj\u0105 organizacj\u0119 przed zagro\u017ceniami, zapewnij swojemu zespo\u0142owi wiedz\u0119 i narz\u0119dzia z zakresu cyberbezpiecze\u0144stwa<\/p>\n\t<h3>konsultacje<\/h3>\t\t\n\t\t\t<p>chc\u0105c zaprojektowa\u0107, zbudowa\u0107 lub zreorganizowa\u0107 swoje us\u0142ugi warto skorzysta\u0107 z do\u015bwiadcze\u0144 ekspert\u00f3w o r\u00f3\u017cnych specjalizacjach<\/p>\n\t<h3>audyty<\/h3>\t\t\n\t\t\t<p>zapewniamy informacje i wskaz\u00f3wki pozwalaj\u0105ce zoptymalizowa\u0107 Twoje us\u0142ugi pod k\u0105tem najlepszych praktyk<\/p>\n\t<h3>projekty<\/h3>\t\t\n\t\t\t<p>proper preparation guarantees the success of your projects &#8211; we offer cooperation at every stage of the task<\/p>\n\t<h3>programowanie<\/h3>\t\t\n\t\t\t<p>dostarczymy wysokiej jako\u015bci oprogramowanie, kt\u00f3re spe\u0142ni wymagania Twojego biznesu i pomo\u017ce Ci wznie\u015b\u0107 go na wy\u017cszy poziom<\/p>\n\t<h3>outsourcing<\/h3>\t\t\n\t\t\t<p>zapewnienie konsultant\u00f3w o wysokich kompetencjach i do\u015bwiadczeniu do pracy nad Twoimi projektami<\/p>\n\t<h3>strony internetowe<\/h3>\t\t\n\t\t\t<p>strony internetowe oparte na najlepszych standardach gwarantuj\u0105 najlepsz\u0105 interakcj\u0119 z klientami i zwi\u0119kszenie zasi\u0119g\u00f3w<\/p>","protected":false},"excerpt":{"rendered":"<div class=\"entry-summary\">\nour offer At accessibility, we understand that a proper preparation and thought-out project guarantees the success of your undertakings. That&#8217;s why we offer cooperation at every stage of the project, with special attention paid to adjusting it to the needs&hellip;\n<\/div>\n<div class=\"link-more-container\"><a href=\"https:\/\/accessibility.com.pl\/pl\/offer\/\" class=\"link-more\" aria-label=\"Continue reading offer\">Continue reading&hellip;<\/a><\/div>","protected":false},"author":1,"featured_media":0,"parent":0,"menu_order":0,"comment_status":"closed","ping_status":"closed","template":"","meta":{"footnotes":""},"class_list":["post-144","page","type-page","status-publish","hentry","entry","entry-type-page"],"_links":{"self":[{"href":"https:\/\/accessibility.com.pl\/pl\/wp-json\/wp\/v2\/pages\/144","targetHints":{"allow":["GET"]}}],"collection":[{"href":"https:\/\/accessibility.com.pl\/pl\/wp-json\/wp\/v2\/pages"}],"about":[{"href":"https:\/\/accessibility.com.pl\/pl\/wp-json\/wp\/v2\/types\/page"}],"author":[{"embeddable":true,"href":"https:\/\/accessibility.com.pl\/pl\/wp-json\/wp\/v2\/users\/1"}],"replies":[{"embeddable":true,"href":"https:\/\/accessibility.com.pl\/pl\/wp-json\/wp\/v2\/comments?post=144"}],"version-history":[{"count":10,"href":"https:\/\/accessibility.com.pl\/pl\/wp-json\/wp\/v2\/pages\/144\/revisions"}],"predecessor-version":[{"id":684,"href":"https:\/\/accessibility.com.pl\/pl\/wp-json\/wp\/v2\/pages\/144\/revisions\/684"}],"wp:attachment":[{"href":"https:\/\/accessibility.com.pl\/pl\/wp-json\/wp\/v2\/media?parent=144"}],"curies":[{"name":"wp","href":"https:\/\/api.w.org\/{rel}","templated":true}]}}