{"id":589,"date":"2025-02-12T13:57:15","date_gmt":"2025-02-12T13:57:15","guid":{"rendered":"https:\/\/accessibility.com.pl\/?page_id=589"},"modified":"2025-05-22T21:37:05","modified_gmt":"2025-05-22T21:37:05","slug":"power-team","status":"publish","type":"page","link":"https:\/\/accessibility.com.pl\/pl\/power-team\/","title":{"rendered":"power team"},"content":{"rendered":"<img loading=\"lazy\" decoding=\"async\" src=\"https:\/\/accessibility.com.pl\/wp-content\/uploads\/2025\/02\/Power-team-logo-kolko.png\" alt=\"Power-team-logo-kolko\" itemprop=\"image\" height=\"400\" width=\"400\" title=\"Power-team-logo-kolko\" onerror=\"this.style.display='none'\"  \/>\n<h1>\n\t\tpower team accessibility\n\t<\/h1>\n<h1>\n\t<\/h1>\n<h2>\n\t\to nas\n\t<\/h2>\n\tJeste\u015bmy zespo\u0142em firm z wieloletnim do\u015bwiadczeniem rynkowym, kt\u00f3re dzia\u0142aj\u0105 razem na rzecz dost\u0119pno\u015bci.<br \/>\nWe provide a comprehensive service and reliable implementation &#8211; check it out for yourself!\n\t\t\t\t<img loading=\"lazy\" decoding=\"async\" src=\"https:\/\/accessibility.com.pl\/wp-content\/uploads\/2025\/02\/accessibility-power-team-keyboard.jpg\" alt=\"accessibility-power-team-keyboard\" itemprop=\"image\" height=\"990\" width=\"1200\" title=\"accessibility-power-team-keyboard\" onerror=\"this.style.display='none'\"  \/>\n<h3>\n\t\tpoznaj nasz zesp\u00f3\u0142\n\t<\/h3>\n\t\t\t\t<a href=\"https:\/\/www.linkedin.com\/company\/accessibility-com-pl\" target=\"_blank\" rel=\"noopener nofollow\"  itemprop=\"url\">\n\t\t\t\t<img loading=\"lazy\" decoding=\"async\" src=\"https:\/\/accessibility.com.pl\/wp-content\/uploads\/2025\/02\/Logo_accessibility_biale.png\" alt=\"Logo_accessibility_biale\" itemprop=\"image\" height=\"400\" width=\"400\" title=\"Logo_accessibility_biale\" onerror=\"this.style.display='none'\"  \/>\n\t\t\t\t<\/a>\n<h4>\n\t\taccessibility.com.pl\n\t<\/h4>\n\t<p>Jeste\u015bmy zespo\u0142em ekspert\u00f3w z wieloletnim do\u015bwiadczeniem w obszarach dost\u0119pno\u015bci, szkole\u0144, outsourcingu i rozwoju oprogramowania.\nNasi eksperci od lat wsp\u00f3\u0142pracuj\u0105 z instytucjami i firmami, szkol\u0105c i doradzaj\u0105c w zakresie optymalnych rozwi\u0105za\u0144.\nWsp\u00f3\u0142pracujemy i korzystamy z do\u015bwiadczenia praktyk\u00f3w i ekspert\u00f3w uznanych na rynku w poszczeg\u00f3lnych obszarach.<\/p>\n\t\t\t\t<a href=\"https:\/\/www.linkedin.com\/in\/jan-stebel\/\" target=\"_blank\" rel=\"noopener nofollow\"  itemprop=\"url\">\n\t\t\t\t<img loading=\"lazy\" decoding=\"async\" src=\"https:\/\/accessibility.com.pl\/wp-content\/uploads\/2025\/02\/jan_stebel_in.png\" alt=\"jan_stebel_in\" itemprop=\"image\" height=\"400\" width=\"400\" title=\"jan_stebel_in\" onerror=\"this.style.display='none'\"  \/>\n\t\t\t\t<\/a>\n\t<p>Jan Stebel<\/p>\n\t\t\t\t<a href=\"https:\/\/www.linkedin.com\/company\/aaado\" target=\"_blank\" rel=\"noopener nofollow\"  itemprop=\"url\">\n\t\t\t\t<img loading=\"lazy\" decoding=\"async\" src=\"https:\/\/accessibility.com.pl\/wp-content\/uploads\/2025\/02\/Logo_aaado.png\" alt=\"Logo_aaado\" itemprop=\"image\" height=\"400\" width=\"400\" title=\"Logo_aaado\" onerror=\"this.style.display='none'\"  \/>\n\t\t\t\t<\/a>\n<h4>\n\t\taaa.do\n\t<\/h4>\n\tWe believe that efficient company and team management &#8211; as well as any other activity in professional and private life &#8211; should treat as its permanent element care of acccessibility, corporate social responsibility, personal development and also support of charitable and social activities.\u00a0aaa.do is the place where you will find knowledge and experience of specialists and practitioners.<br \/>\nWykorzystaj swoj\u0105 energi\u0119 i dzia\u0142aj!\n\t\t\t\t<a href=\"https:\/\/www.linkedin.com\/in\/wojtek-wrobel\/\" target=\"_blank\" rel=\"noopener nofollow\"  itemprop=\"url\">\n\t\t\t\t<img loading=\"lazy\" decoding=\"async\" src=\"https:\/\/accessibility.com.pl\/wp-content\/uploads\/2025\/02\/Wojtek_Wrobel_linkedin_002-1.png\" alt=\"Wojtek_Wrobel_linkedin_002-1\" itemprop=\"image\" height=\"400\" width=\"400\" title=\"Wojtek_Wrobel_linkedin_002-1\" onerror=\"this.style.display='none'\"  \/>\n\t\t\t\t<\/a>\n\t<p>Wojtek Wr\u00f3bel<\/p>\n\t\t\t\t<img loading=\"lazy\" decoding=\"async\" src=\"https:\/\/accessibility.com.pl\/wp-content\/uploads\/2025\/02\/Logo_CWI.png\" alt=\"Logo_CWI\" itemprop=\"image\" height=\"400\" width=\"400\" title=\"Logo_CWI\" onerror=\"this.style.display='none'\"  \/>\n<h4>\n\t\tCWI\n\t<\/h4>\n\t<p>W CWI zapewniamy kompleksow\u0105 obs\u0142ug\u0119 oraz innowacyjne rozwi\u0105zania, dzi\u0119ki kt\u00f3rym proces uzyskania w\u00f3zka inwalidzkiego staje si\u0119 \u0142atwy i wygodny dla klienta. Nasze autorskie metody oraz centralizacja wszystkich niezb\u0119dnych element\u00f3w sprawiaj\u0105, \u017ce obs\u0142uga w CWI jest szybka i maksymalnie odci\u0105\u017caj\u0105ca. Teraz mo\u017cesz skupi\u0107 si\u0119 na rzeczach, kt\u00f3re lubisz, maj\u0105c pewno\u015b\u0107, \u017ce ca\u0142y proces zosta\u0142 zoptymalizowany i prowadzony w spos\u00f3b szybki i efektywny.<\/p>\n\t\t\t\t<a href=\"https:\/\/www.linkedin.com\/in\/rafa%C5%82-kowalski-21476b1ba\/\" target=\"_blank\" rel=\"noopener nofollow\"  itemprop=\"url\">\n\t\t\t\t<img loading=\"lazy\" decoding=\"async\" src=\"https:\/\/accessibility.com.pl\/wp-content\/uploads\/2025\/02\/Rafal-Kowalski_in.png\" alt=\"Rafa\u0142-Kowalski_in\" itemprop=\"image\" height=\"400\" width=\"400\" title=\"Rafa\u0142-Kowalski_in\" onerror=\"this.style.display='none'\"  \/>\n\t\t\t\t<\/a>\n\t<p>Rafa\u0142 Kowalski<\/p>\n\t\t\t\t<a href=\"https:\/\/www.linkedin.com\/company\/asperit\/\" target=\"_blank\" rel=\"noopener nofollow\"  itemprop=\"url\">\n\t\t\t\t<img loading=\"lazy\" decoding=\"async\" src=\"https:\/\/accessibility.com.pl\/wp-content\/uploads\/2025\/03\/AsperIT_logotyp_czarny_biale_tlo_bezpieczne_pole-1.png\" alt=\"asperIT\" itemprop=\"image\" height=\"638\" width=\"638\" title=\"AsperIT_logotyp_czarny_bia\u0142e_t\u0142o_bezpieczne_pole\" onerror=\"this.style.display='none'\"  \/>\n\t\t\t\t<\/a>\n<h4>\n\t\tasperIT\n\t<\/h4>\n\t<p>asperIT to przedsi\u0119biorstwo spo\u0142eczne specjalizuj\u0105ce si\u0119 w aktywizacji zawodowej os\u00f3b neuror\u00f3\u017cnorodnych, w szczeg\u00f3lno\u015bci w spektrum autyzmu, do pracy w bran\u017cy IT. \u015awiadczymy us\u0142ugi testowania oprogramowania wykonywane przez wykwalifikowanych specjalist\u00f3w neuronietypowych. Pomagamy firmom zwi\u0119ksza\u0107 produktywno\u015b\u0107, zaanga\u017cowanie pracownik\u00f3w oraz innowacyjno\u015b\u0107 poprzez audyty, spersonalizowane doradztwo oraz praktyczne warsztaty. Kompleksowo wspieramy przedsi\u0119biorstwa we wdra\u017caniu neuror\u00f3\u017cnorodno\u015bci, dostosowywaniu warunk\u00f3w pracy oraz budowaniu inkluzywnej kultury organizacyjnej, aktywnie promuj\u0105c spo\u0142eczn\u0105 odpowiedzialno\u015b\u0107 biznesu.<\/p>\n\t\t\t\t<a href=\"https:\/\/www.linkedin.com\/in\/pawel-wojtyczka\/\" target=\"_blank\" rel=\"noopener nofollow\"  itemprop=\"url\">\n\t\t\t\t<img loading=\"lazy\" decoding=\"async\" src=\"https:\/\/accessibility.com.pl\/wp-content\/uploads\/2025\/03\/LinkedIn_Pawel-Wojtyczka.png\" alt=\"Pawe\u0142 Wojtyczka\" itemprop=\"image\" height=\"400\" width=\"400\" title=\"LinkedIn_Pawel-Wojtyczka\" onerror=\"this.style.display='none'\"  \/>\n\t\t\t\t<\/a>\n\t<p>Pawe\u0142 Wojtyczka<\/p>","protected":false},"excerpt":{"rendered":"<div class=\"entry-summary\">\npower team accessibility about us We are a team of companies with many years of market experience working together for accessibility. We provide a comprehensive service and reliable implementation &#8211; check it out for yourself! meet our team accessibility.com.pl We&hellip;\n<\/div>\n<div class=\"link-more-container\"><a href=\"https:\/\/accessibility.com.pl\/pl\/power-team\/\" class=\"link-more\" aria-label=\"Continue reading power team\">Continue reading&hellip;<\/a><\/div>","protected":false},"author":5,"featured_media":0,"parent":0,"menu_order":0,"comment_status":"closed","ping_status":"closed","template":"","meta":{"footnotes":""},"class_list":["post-589","page","type-page","status-publish","hentry","entry","entry-type-page"],"_links":{"self":[{"href":"https:\/\/accessibility.com.pl\/pl\/wp-json\/wp\/v2\/pages\/589","targetHints":{"allow":["GET"]}}],"collection":[{"href":"https:\/\/accessibility.com.pl\/pl\/wp-json\/wp\/v2\/pages"}],"about":[{"href":"https:\/\/accessibility.com.pl\/pl\/wp-json\/wp\/v2\/types\/page"}],"author":[{"embeddable":true,"href":"https:\/\/accessibility.com.pl\/pl\/wp-json\/wp\/v2\/users\/5"}],"replies":[{"embeddable":true,"href":"https:\/\/accessibility.com.pl\/pl\/wp-json\/wp\/v2\/comments?post=589"}],"version-history":[{"count":11,"href":"https:\/\/accessibility.com.pl\/pl\/wp-json\/wp\/v2\/pages\/589\/revisions"}],"predecessor-version":[{"id":683,"href":"https:\/\/accessibility.com.pl\/pl\/wp-json\/wp\/v2\/pages\/589\/revisions\/683"}],"wp:attachment":[{"href":"https:\/\/accessibility.com.pl\/pl\/wp-json\/wp\/v2\/media?parent=589"}],"curies":[{"name":"wp","href":"https:\/\/api.w.org\/{rel}","templated":true}]}}