{"id":8,"date":"2021-04-23T21:37:27","date_gmt":"2021-04-23T21:37:27","guid":{"rendered":"https:\/\/accessibility.com.pl\/?page_id=8"},"modified":"2024-08-30T17:40:05","modified_gmt":"2024-08-30T17:40:05","slug":"home","status":"publish","type":"page","link":"https:\/\/accessibility.com.pl\/pl\/","title":{"rendered":"strona g\u0142\u00f3wna"},"content":{"rendered":"<h1>\n\t\tsimple, accessible, smart\n\t<\/h1>\n<h2>\n\t\tthat&#8217;s our mission\n\t<\/h2>\n\t\t\t<a href=\"https:\/\/accessibility.com.pl\/index.php\/offer\/\" target=\"_self\" role=\"button\" rel=\"noopener\">\n\t\t\t\t\t\t\tnasza oferta\n\t\t\t\t\t<\/a>\n\t\t\t<a href=\"https:\/\/accessibility.com.pl\/index.php\/about-us\/\" target=\"_self\" role=\"button\" rel=\"noopener\">\n\t\t\t\t\t\t\to nas\n\t\t\t\t\t<\/a>\n\t<h2>nasze warto\u015bci<\/h2>\n\t<p>Wierzymy, \u017ce z nasz\u0105 pomoc\u0105 ludzie, firmy i instytucje mog\u0105 rozszerza\u0107 i optymalizowa\u0107 swoje procesy i decyzje w kierunku mo\u017cliwo\u015bci stosowania \u015brodk\u00f3w zapewniaj\u0105cych efektywno\u015b\u0107 , dost\u0119pno\u015b\u0107 i spo\u0142eczn\u0105 odpowiedzialno\u015b\u0107 biznesu.<\/p>\n<h2>\n\t\to nas\n\t<\/h2>\n\tJeste\u015bmy zespo\u0142em ekspert\u00f3w z wieloletnim do\u015bwiadczeniem w obszarach dost\u0119pno\u015bci, szkole\u0144, cyberbezpiecze\u0144stwa, outsourcingu i rozwoju oprogramowania.<br \/>\nNasi eksperci od lat wsp\u00f3\u0142pracuj\u0105 z instytucjami i firmami, szkol\u0105c i doradzaj\u0105c w zakresie optymalnych rozwi\u0105za\u0144.\n<p>Obserwuj nas na <a href=\"https:\/\/www.linkedin.com\/company\/accessibility-com-pl\" target=\"_blank\" rel=\"noopener\">LinkedIn<\/a> \ud83d\ude42\u00a0<\/p>\n\t\t\t<a href=\"https:\/\/accessibility.com.pl\/index.php\/about-us\/\" target=\"_self\" role=\"button\" rel=\"noopener\">\n\t\t\t\t\t\twi\u0119cej\n\t\t\t\t\t<\/a>\n\t<h2><\/h2>\n<h2>zaufali nam<\/h2>","protected":false},"excerpt":{"rendered":"<div class=\"entry-summary\">\nsimple, accessible, smart that&#8217;s our mission our offer about us our values We believe that with our help people, companies and institutions can expand and optimize their processes and decisions towards the possibility of using measures ensuring the efficiency and&hellip;\n<\/div>\n<div class=\"link-more-container\"><a href=\"https:\/\/accessibility.com.pl\/pl\/\" class=\"link-more\" aria-label=\"Continue reading home\">Continue reading&hellip;<\/a><\/div>","protected":false},"author":1,"featured_media":0,"parent":0,"menu_order":0,"comment_status":"closed","ping_status":"closed","template":"templates\/no-intro.php","meta":{"footnotes":""},"class_list":["post-8","page","type-page","status-publish","hentry","entry","entry-type-page"],"_links":{"self":[{"href":"https:\/\/accessibility.com.pl\/pl\/wp-json\/wp\/v2\/pages\/8","targetHints":{"allow":["GET"]}}],"collection":[{"href":"https:\/\/accessibility.com.pl\/pl\/wp-json\/wp\/v2\/pages"}],"about":[{"href":"https:\/\/accessibility.com.pl\/pl\/wp-json\/wp\/v2\/types\/page"}],"author":[{"embeddable":true,"href":"https:\/\/accessibility.com.pl\/pl\/wp-json\/wp\/v2\/users\/1"}],"replies":[{"embeddable":true,"href":"https:\/\/accessibility.com.pl\/pl\/wp-json\/wp\/v2\/comments?post=8"}],"version-history":[{"count":70,"href":"https:\/\/accessibility.com.pl\/pl\/wp-json\/wp\/v2\/pages\/8\/revisions"}],"predecessor-version":[{"id":544,"href":"https:\/\/accessibility.com.pl\/pl\/wp-json\/wp\/v2\/pages\/8\/revisions\/544"}],"wp:attachment":[{"href":"https:\/\/accessibility.com.pl\/pl\/wp-json\/wp\/v2\/media?parent=8"}],"curies":[{"name":"wp","href":"https:\/\/api.w.org\/{rel}","templated":true}]}}